{"id":328,"date":"2021-09-29T13:51:20","date_gmt":"2021-09-29T11:51:20","guid":{"rendered":"http:\/\/alexandrallorens.org\/?page_id=328"},"modified":"2023-12-18T21:13:02","modified_gmt":"2023-12-18T21:13:02","slug":"about","status":"publish","type":"page","link":"https:\/\/flyingcatscompany.com\/fr\/about\/","title":{"rendered":"\u00c0 PROPOS"},"content":{"rendered":"<div id=\"fws_6a081a7d2c195\"  data-column-margin=\"default\" data-midnight=\"dark\"  class=\"wpb_row vc_row-fluid vc_row full-width-section\"  style=\"padding-top: 0px; padding-bottom: 0px; \"><div class=\"row-bg-wrap\" data-bg-animation=\"none\" data-bg-animation-delay=\"\" data-bg-overlay=\"false\"><div class=\"inner-wrap row-bg-layer\" ><div class=\"row-bg viewport-desktop using-bg-color\"  style=\"background-color: #ffffff; \"><\/div><\/div><\/div><div class=\"row_col_wrap_12 col span_12 dark left\">\n\t<div  class=\"vc_col-sm-2 wpb_column column_container vc_column_container col padding-3-percent inherit_tablet inherit_phone\"  data-padding-pos=\"all\" data-has-bg-color=\"false\" data-bg-color=\"\" data-bg-opacity=\"1\" data-animation=\"\" data-delay=\"0\" >\n\t\t<div class=\"vc_column-inner\" >\n\t\t\t<div class=\"wpb_wrapper\">\n\t\t\t\t<div id=\"fws_6a081a7d2c6e1\" data-midnight=\"\" data-column-margin=\"default\" class=\"wpb_row vc_row-fluid vc_row inner_row vc_row-o-content-middle\"  style=\"\"><div class=\"row-bg-wrap\"> <div class=\"row-bg\" ><\/div> <\/div><div class=\"row_col_wrap_12_inner col span_12  left\">\n\t<div  class=\"vc_col-sm-12 wpb_column column_container vc_column_container col child_column no-extra-padding inherit_tablet inherit_phone\"   data-padding-pos=\"all\" data-has-bg-color=\"false\" data-bg-color=\"\" data-bg-opacity=\"1\" data-animation=\"\" data-delay=\"0\" >\n\t\t<div class=\"vc_column-inner\" >\n\t\t<div class=\"wpb_wrapper\">\n\t\t\t\n\t\t<\/div> \n\t<\/div>\n\t<\/div> \n<\/div><\/div>\n\t\t\t<\/div> \n\t\t<\/div>\n\t<\/div> \n\n\t<div  class=\"vc_col-sm-8 wpb_column column_container vc_column_container col padding-3-percent inherit_tablet inherit_phone\"  data-padding-pos=\"top-bottom\" data-has-bg-color=\"false\" data-bg-color=\"\" data-bg-opacity=\"1\" data-animation=\"\" data-delay=\"0\" >\n\t\t<div class=\"vc_column-inner\" >\n\t\t\t<div class=\"wpb_wrapper\">\n\t\t\t\t\n<div class=\"wpb_text_column wpb_content_element\" >\n\t<div class=\"wpb_wrapper\">\n\t\t<p class=\"translation-block\">La Flying Cats Company est cr\u00e9\u00e9e en 2020 par Alexandra Llorens et Nils\nO\u2019Swald. Leur recherche artistique m\u00eale la danse, la musique,la performance et\nl\u2019art visuel.<br>\nExplorant les particularit\u00e9s et les contradictions des humains et de la nature\nde mani\u00e8re associative, ils recherchent des approches singuli\u00e8res dans leurs\ncr\u00e9ations.<br>\nIls d\u00e9butent leur collaboration avec une s\u00e9rie de clips vid\u00e9o \u201cQuadratisch\nPraktisch\u201d comprenant \u201cBallettsaal\u201d 2020, \u201cFahrstuhl\u201d 2021 et \u201cBreathing\u201d 2022.\nLa s\u00e9rie est g\u00e9n\u00e9reusement soutenue par le Th\u00e9\u00e2tre de la ville de Br\u00eame.<\/p>\n<p>Leur premi\u00e8re pi\u00e8ce \u201cDream\u201d est cr\u00e9\u00e9e pour l\u2019espace publique en juin 2021. Ce solo de danse accompagn\u00e9 de musique \u00e9lectronique live est bas\u00e9 sur leur recherche et leur int\u00e9r\u00eat sur la fonction des r\u00eaves et la th\u00e9orie selon laquelle les r\u00eaves sont bas\u00e9s sur notre propre r\u00e9alit\u00e9.<br><br \/>\nEn novembre 2022, la compagnie est soutenue par le r\u00e9seau national allemand\nde la performance pour participer \u00e0 la r\u00e9sidence \u201cOn display\u201d au Lake Studio\n\u00e0 Berlin. Avec le soutien de l\u2019\u00e9quipe de production cin\u00e9matographique \u201cQuiet\nCity Film\u201d, ils r\u00e9alisent la documentation de \u201cDream\u201d et approfondissent leurs\nconnaissances techniques en mati\u00e8re de production et de montage vid\u00e9o. Au\nLake Studio ils r\u00e9alisent \u00e9galement la version int\u00e9rieur de la pi\u00e8ce en collaboration\navec le cr\u00e9ateur lumi\u00e8re Dani Paiva de Miranda.<br><br \/>\nEn septembre 2022 \u201cFortune Teller\u201d fait sa premi\u00e8re au festival international\nd\u2019art \u201cHomo Novus\u201d \u00e0 Riga, en Lettonie. La pi\u00e8ce est co\u00e9crite avec l\u2019artiste\nplasticienne Annabelle Lange\/New Earth Artist pour la r\u00e9alisation de l\u2019espace\nsc\u00e9nique. Inspir\u00e9e du Tarot, cette performance pour un spectateur, invite \u00e0 cr\u00e9er\nun sentiment d\u2019intimit\u00e9, un espace d\u2019imagination, de r\u00e9flexion et de fantasme sur\nsa propre vie.<br><br \/>\nPar la suite, \u201cFortune Teller\u201d sera invit\u00e9 aux festivals \u201cFor your eyes only\u201d2022 et\n\u201cVier tage tanz\u201d 2023 en Allemagne pour une s\u00e9rie de repr\u00e9sentations.<br><br \/>\nEn juillet 2023, la Flying Cats Company installe son si\u00e8ge social \u00e0 Marseille et\nrejoint le p\u00f4le des jeunes artistes \u00e9mergents de l\u2019association \u201cEclosion 13\u201d dont\nils re\u00e7oivent un accompagnement personnalis\u00e9 en production, communication et\ndiffusion ainsi que le soutien de l\u2019association \u201cles t\u00eates de l\u2019art\u201d.<br><br \/>\nIls travaillent actuellement sur leur nouvelle cr\u00e9ation \u201cIseult et Tristan\u201d.<\/p>\n\t<\/div>\n<\/div>\n\n\n\n\n\t\t\t<\/div> \n\t\t<\/div>\n\t<\/div> \n\n\t<div  class=\"vc_col-sm-2 wpb_column column_container vc_column_container col no-extra-padding inherit_tablet inherit_phone\"  data-padding-pos=\"all\" data-has-bg-color=\"false\" data-bg-color=\"\" data-bg-opacity=\"1\" data-animation=\"\" data-delay=\"0\" >\n\t\t<div class=\"vc_column-inner\" >\n\t\t\t<div class=\"wpb_wrapper\">\n\t\t\t\t\n\t\t\t<\/div> \n\t\t<\/div>\n\t<\/div> \n<\/div><\/div>\n\t\t<div id=\"fws_6a081a7d2d24c\"  data-column-margin=\"default\" data-midnight=\"dark\"  class=\"wpb_row vc_row-fluid vc_row\"  style=\"padding-top: 0px; padding-bottom: 0px; \"><div class=\"row-bg-wrap\" data-bg-animation=\"none\" data-bg-animation-delay=\"\" data-bg-overlay=\"false\"><div class=\"inner-wrap row-bg-layer\" ><div class=\"row-bg viewport-desktop\"  style=\"\"><\/div><\/div><\/div><div class=\"row_col_wrap_12 col span_12 dark left\">\n\t<div  class=\"vc_col-sm-1\/5 wpb_column column_container vc_column_container col no-extra-padding inherit_tablet inherit_phone\"  data-padding-pos=\"all\" data-has-bg-color=\"false\" data-bg-color=\"\" data-bg-opacity=\"1\" data-animation=\"\" data-delay=\"0\" >\n\t\t<div class=\"vc_column-inner\" >\n\t\t\t<div class=\"wpb_wrapper\">\n\t\t\t\t\n\t\t\t<\/div> \n\t\t<\/div>\n\t<\/div> \n\n\t<div  class=\"vc_col-sm-1\/5 wpb_column column_container vc_column_container col no-extra-padding inherit_tablet inherit_phone\"  data-padding-pos=\"all\" data-has-bg-color=\"false\" data-bg-color=\"\" data-bg-opacity=\"1\" data-animation=\"\" data-delay=\"0\" >\n\t\t<div class=\"vc_column-inner\" >\n\t\t\t<div class=\"wpb_wrapper\">\n\t\t\t\t\n\t\t\t<\/div> \n\t\t<\/div>\n\t<\/div> \n\n\t<div  class=\"vc_col-sm-1\/5 wpb_column column_container vc_column_container col no-extra-padding inherit_tablet inherit_phone\"  data-padding-pos=\"all\" data-has-bg-color=\"false\" data-bg-color=\"\" data-bg-opacity=\"1\" data-animation=\"\" data-delay=\"0\" >\n\t\t<div class=\"vc_column-inner\" >\n\t\t\t<div class=\"wpb_wrapper\">\n\t\t\t\t<div class=\"img-with-aniamtion-wrap center\" data-max-width=\"75%\" data-max-width-mobile=\"default\" data-shadow=\"none\" data-animation=\"fade-in\" >\n      <div class=\"inner\">\n        <div class=\"hover-wrap\" data-hover-animation=\"zoom\"> \n          <div class=\"hover-wrap-inner\">\n            <a href=\"https:\/\/flyingcatscompany.com\/fr\/flying-cats\/\" target=\"_self\" class=\"center\">\n              <img loading=\"lazy\" decoding=\"async\" class=\"img-with-animation skip-lazy nectar-lazy\" data-delay=\"0\" height=\"1899\" width=\"1899\" data-animation=\"fade-in\" data-nectar-img-src=\"https:\/\/flyingcatscompany.com\/wp-content\/uploads\/2023\/11\/logo_flyingcatscompany-gif-.gif\" src=\"data:image\/svg+xml;charset=utf-8,%3Csvg%20xmlns%3D'http%3A%2F%2Fwww.w3.org%2F2000%2Fsvg'%20viewBox%3D'0%200%201899%201899'%2F%3E\" alt=\"\"  \/>\n            <\/a>\n          <\/div>\n        <\/div>\n      <\/div>\n      <\/div>\n\t\t\t<\/div> \n\t\t<\/div>\n\t<\/div> \n\n\t<div  class=\"vc_col-sm-1\/5 wpb_column column_container vc_column_container col no-extra-padding inherit_tablet inherit_phone\"  data-padding-pos=\"all\" data-has-bg-color=\"false\" data-bg-color=\"\" data-bg-opacity=\"1\" data-animation=\"\" data-delay=\"0\" >\n\t\t<div class=\"vc_column-inner\" >\n\t\t\t<div class=\"wpb_wrapper\">\n\t\t\t\t\n\t\t\t<\/div> \n\t\t<\/div>\n\t<\/div> \n\n\t<div  class=\"vc_col-sm-1\/5 wpb_column column_container vc_column_container col no-extra-padding inherit_tablet inherit_phone\"  data-padding-pos=\"all\" data-has-bg-color=\"false\" data-bg-color=\"\" data-bg-opacity=\"1\" data-animation=\"\" data-delay=\"0\" >\n\t\t<div class=\"vc_column-inner\" >\n\t\t\t<div class=\"wpb_wrapper\">\n\t\t\t\t\n\t\t\t<\/div> \n\t\t<\/div>\n\t<\/div> \n<\/div><\/div>","protected":false},"excerpt":{"rendered":"The Flying Cats Company was created in 2020 by Alexandra Llorens and Nils O\u2019Swald, bringing together their artistic research of dance, music, performance and visual art. Exploring the peculiarities and...","protected":false},"author":1,"featured_media":0,"parent":0,"menu_order":0,"comment_status":"closed","ping_status":"closed","template":"","meta":{"footnotes":""},"class_list":["post-328","page","type-page","status-publish"],"_links":{"self":[{"href":"https:\/\/flyingcatscompany.com\/fr\/wp-json\/wp\/v2\/pages\/328","targetHints":{"allow":["GET"]}}],"collection":[{"href":"https:\/\/flyingcatscompany.com\/fr\/wp-json\/wp\/v2\/pages"}],"about":[{"href":"https:\/\/flyingcatscompany.com\/fr\/wp-json\/wp\/v2\/types\/page"}],"author":[{"embeddable":true,"href":"https:\/\/flyingcatscompany.com\/fr\/wp-json\/wp\/v2\/users\/1"}],"replies":[{"embeddable":true,"href":"https:\/\/flyingcatscompany.com\/fr\/wp-json\/wp\/v2\/comments?post=328"}],"version-history":[{"count":10,"href":"https:\/\/flyingcatscompany.com\/fr\/wp-json\/wp\/v2\/pages\/328\/revisions"}],"predecessor-version":[{"id":1040,"href":"https:\/\/flyingcatscompany.com\/fr\/wp-json\/wp\/v2\/pages\/328\/revisions\/1040"}],"wp:attachment":[{"href":"https:\/\/flyingcatscompany.com\/fr\/wp-json\/wp\/v2\/media?parent=328"}],"curies":[{"name":"wp","href":"https:\/\/api.w.org\/{rel}","templated":true}]}}