{"id":1219,"date":"2025-10-08T08:32:20","date_gmt":"2025-10-08T08:32:20","guid":{"rendered":"https:\/\/flyingcatscompany.com\/?page_id=1219"},"modified":"2026-01-19T22:04:37","modified_gmt":"2026-01-19T22:04:37","slug":"newsomusic","status":"publish","type":"page","link":"https:\/\/flyingcatscompany.com\/fr\/newsomusic\/","title":{"rendered":"NEWSO &#8211; MUSIC"},"content":{"rendered":"<div id=\"fws_69d13cf732042\"  data-column-margin=\"default\" data-midnight=\"dark\"  class=\"wpb_row vc_row-fluid vc_row full-width-section\"  style=\"padding-top: 0px; padding-bottom: 0px; \"><div class=\"row-bg-wrap\" data-bg-animation=\"none\" data-bg-animation-delay=\"\" data-bg-overlay=\"false\"><div class=\"inner-wrap row-bg-layer\" ><div class=\"row-bg viewport-desktop using-bg-color\"  style=\"background-color: #141414; \"><\/div><\/div><\/div><div class=\"row_col_wrap_12 col span_12 dark left\">\n\t<div style=\" color: #ffffff;\" class=\"vc_col-sm-12 wpb_column column_container vc_column_container col no-extra-padding inherit_tablet inherit_phone\" data-cfc=\"true\"  data-padding-pos=\"all\" data-has-bg-color=\"false\" data-bg-color=\"\" data-bg-opacity=\"1\" data-animation=\"\" data-delay=\"0\" >\n\t\t<div class=\"vc_column-inner\" >\n\t\t\t<div class=\"wpb_wrapper\">\n\t\t\t\t\n<div class=\"wpb_text_column wpb_content_element  vc_custom_1768859619938\" >\n\t<div class=\"wpb_wrapper\">\n\t\t<h4 style=\"text-align: center;\">\u2665\u2665\u2665 &#8220;over you&#8221; OUT NOW \u2665\u2665\u2665<br \/>\nlisten to it by clicking on the cover:<br \/>\n\u2193\u2193\u2193<\/h4>\n\t<\/div>\n<\/div>\n\n\n\n<div class=\"img-with-aniamtion-wrap center custom-size\" data-max-width=\"100%\" data-max-width-mobile=\"default\" data-shadow=\"none\" data-animation=\"fade-in\" >\n      <div class=\"inner\">\n        <div class=\"hover-wrap\" data-hover-animation=\"zoom-crop\"> \n          <div class=\"hover-wrap-inner\">\n            <a href=\"https:\/\/push.fm\/fl\/j4kfpvus\" target=\"_blank\" class=\"center\">\n              <img loading=\"lazy\" decoding=\"async\" class=\"img-with-animation skip-lazy\" data-delay=\"0\" height=\"768\" width=\"768\" data-animation=\"fade-in\" src=\"https:\/\/flyingcatscompany.com\/wp-content\/uploads\/2026\/01\/over-you-cover-art-768x768.jpg\" alt=\"\" srcset=\"https:\/\/flyingcatscompany.com\/wp-content\/uploads\/2026\/01\/over-you-cover-art-768x768.jpg 768w, https:\/\/flyingcatscompany.com\/wp-content\/uploads\/2026\/01\/over-you-cover-art-300x300.jpg 300w, https:\/\/flyingcatscompany.com\/wp-content\/uploads\/2026\/01\/over-you-cover-art-1024x1024.jpg 1024w, https:\/\/flyingcatscompany.com\/wp-content\/uploads\/2026\/01\/over-you-cover-art-150x150.jpg 150w, https:\/\/flyingcatscompany.com\/wp-content\/uploads\/2026\/01\/over-you-cover-art-1536x1536.jpg 1536w, https:\/\/flyingcatscompany.com\/wp-content\/uploads\/2026\/01\/over-you-cover-art-2048x2048.jpg 2048w, https:\/\/flyingcatscompany.com\/wp-content\/uploads\/2026\/01\/over-you-cover-art-12x12.jpg 12w, https:\/\/flyingcatscompany.com\/wp-content\/uploads\/2026\/01\/over-you-cover-art-140x140.jpg 140w, https:\/\/flyingcatscompany.com\/wp-content\/uploads\/2026\/01\/over-you-cover-art-100x100.jpg 100w, https:\/\/flyingcatscompany.com\/wp-content\/uploads\/2026\/01\/over-you-cover-art-500x500.jpg 500w, https:\/\/flyingcatscompany.com\/wp-content\/uploads\/2026\/01\/over-you-cover-art-350x350.jpg 350w, https:\/\/flyingcatscompany.com\/wp-content\/uploads\/2026\/01\/over-you-cover-art-1000x1000.jpg 1000w, https:\/\/flyingcatscompany.com\/wp-content\/uploads\/2026\/01\/over-you-cover-art-800x800.jpg 800w\" sizes=\"auto, (max-width: 768px) 100vw, 768px\" \/>\n            <\/a>\n          <\/div>\n        <\/div>\n      <\/div>\n      <\/div>\n<div class=\"wpb_text_column wpb_content_element  vc_custom_1768860275648\" >\n\t<div class=\"wpb_wrapper\">\n\t\t<h4 style=\"text-align: center;\">watch our video &#8220;OCEANS&#8221; here:<br \/>\n\u2193\u2193\u2193<\/h4>\n\t<\/div>\n<\/div>\n\n\n\n\n\t<div class=\"wpb_video_widget wpb_content_element vc_clearfix   vc_video-aspect-ratio-169 vc_video-el-width-100 vc_video-align-left\" >\n\t\t<div class=\"wpb_wrapper\">\n\t\t\t\n\t\t\t<div class=\"wpb_video_wrapper\"><iframe loading=\"lazy\" title=\"NEWSO - OCEANS\" src=\"https:\/\/player.vimeo.com\/video\/1100818870?dnt=1&amp;app_id=122963\" width=\"500\" height=\"281\" frameborder=\"0\" allow=\"autoplay; fullscreen; picture-in-picture; clipboard-write; encrypted-media; web-share\" referrerpolicy=\"strict-origin-when-cross-origin\"><\/iframe><\/div>\n\t\t<\/div>\n\t<\/div>\n\n\t\t\t<\/div> \n\t\t<\/div>\n\t<\/div> \n<\/div><\/div>\n\t\t<div id=\"fws_69d13cf73a481\"  data-column-margin=\"default\" data-midnight=\"light\"  class=\"wpb_row vc_row-fluid vc_row full-width-content vc_row-o-full-height vc_row-o-columns-stretch vc_row-o-equal-height vc_row-flex vc_row-o-content-middle\"  style=\"padding-top: 0px; padding-bottom: 0px; \"><div class=\"row-bg-wrap\" data-bg-animation=\"none\" data-bg-animation-delay=\"\" data-bg-overlay=\"false\"><div class=\"inner-wrap row-bg-layer\" ><div class=\"row-bg viewport-desktop using-bg-color\"  style=\"background-color: #141414; \"><\/div><\/div><\/div><div class=\"row_col_wrap_12 col span_12 light left\">\n\t<div  class=\"vc_col-sm-6 wpb_column column_container vc_column_container col padding-5-percent inherit_tablet inherit_phone\"  data-padding-pos=\"all\" data-has-bg-color=\"false\" data-bg-color=\"\" data-bg-opacity=\"1\" data-animation=\"\" data-delay=\"0\" >\n\t\t<div class=\"vc_column-inner\" >\n\t\t\t<div class=\"wpb_wrapper\">\n\t\t\t\t<h2 style=\"font-size: 40px;line-height: 50px;text-align: left\" class=\"vc_custom_heading\" ><a href=\"https:\/\/push.fm\/fl\/newsomusic\" target=\"_blank\">NEWSO<\/a><\/h2><h5 style=\"color: #bfbfbf;text-align: left\" class=\"vc_custom_heading vc_custom_1759916178991\" >Vocals &amp; Bass: Alexandra Llorens<br \/>\nVocals, Keys &amp; Composition: Nils O\u2019Swald<\/h5><div id=\"fws_69d13cf73ae5a\" data-midnight=\"\" data-column-margin=\"default\" class=\"wpb_row vc_row-fluid vc_row inner_row\"  style=\"\"><div class=\"row-bg-wrap\"> <div class=\"row-bg\" ><\/div> <\/div><div class=\"row_col_wrap_12_inner col span_12  left\">\n\t<div  class=\"vc_col-sm-12 wpb_column column_container vc_column_container col child_column has-animation no-extra-padding inherit_tablet inherit_phone\"   data-padding-pos=\"all\" data-has-bg-color=\"false\" data-bg-color=\"\" data-bg-opacity=\"1\" data-animation=\"fade-in-from-bottom\" data-delay=\"100\" >\n\t\t<div class=\"vc_column-inner\" >\n\t\t<div class=\"wpb_wrapper\">\n\t\t\t\n\t<div class=\"wpb_raw_code wpb_content_element wpb_raw_html\" >\n\t\t<div class=\"wpb_wrapper\">\n\t\t\t<iframe style=\"border: 0; width: 550px; height: 800px;\" src=\"https:\/\/bandcamp.com\/EmbeddedPlayer\/album=878089729\/size=large\/bgcol=ffffff\/linkcol=333333\/transparent=true\/\" seamless><a href=\"https:\/\/newso.bandcamp.com\/album\/demo-ep\">demo_ep von NEWSO<\/a><\/iframe>\n\t\t<\/div>\n\t<\/div>\n\n\t\t<\/div> \n\t<\/div>\n\t<\/div> \n<\/div><\/div><div id=\"fws_69d13cf744390\" data-midnight=\"\" data-column-margin=\"default\" class=\"wpb_row vc_row-fluid vc_row inner_row\"  style=\"\"><div class=\"row-bg-wrap\"> <div class=\"row-bg\" ><\/div> <\/div><div class=\"row_col_wrap_12_inner col span_12  left\">\n\t<div  class=\"vc_col-sm-12 wpb_column column_container vc_column_container col child_column has-animation no-extra-padding inherit_tablet inherit_phone\"   data-padding-pos=\"all\" data-has-bg-color=\"false\" data-bg-color=\"\" data-bg-opacity=\"1\" data-animation=\"fade-in-from-bottom\" data-delay=\"0\" >\n\t\t<div class=\"vc_column-inner\" >\n\t\t<div class=\"wpb_wrapper\">\n\t\t\t\n\t\t<\/div> \n\t<\/div>\n\t<\/div> \n<\/div><\/div><div id=\"fws_69d13cf744722\" data-midnight=\"\" data-column-margin=\"default\" class=\"wpb_row vc_row-fluid vc_row inner_row\"  style=\"\"><div class=\"row-bg-wrap\"> <div class=\"row-bg\" ><\/div> <\/div><div class=\"row_col_wrap_12_inner col span_12  left\">\n\t<div  class=\"vc_col-sm-12 wpb_column column_container vc_column_container col child_column has-animation no-extra-padding inherit_tablet inherit_phone\"   data-padding-pos=\"all\" data-has-bg-color=\"false\" data-bg-color=\"\" data-bg-opacity=\"1\" data-animation=\"fade-in-from-bottom\" data-delay=\"200\" >\n\t\t<div class=\"vc_column-inner\" >\n\t\t<div class=\"wpb_wrapper\">\n\t\t\t\n<div class=\"wpb_text_column wpb_content_element  vc_custom_1768860128923\" >\n\t<div class=\"wpb_wrapper\">\n\t\t<p><i>ENG : <\/i><br \/>\nNEWSO is an international electro-pop duo blending vibrant synth-pop melodies with energetic drum &amp; bass pulses. Their sonic identity oscillates between uplifting, ethereal vocals and danceable electronic production.<br \/>\nFormed in 2025, the duo consists of Nils O\u2019Swald (composition, keys, production) and Alexandra Llorens (vocals &amp; bass). Their cross-border collaboration brings influences from Germany and France into a fresh, experimental pop project.<br \/>\nTheir songs range from introspective dream-pop to tracks that command the dance floor, always aiming to bridge emotional resonance and rhythmic momentum.<\/p>\n<p><i>FR : <\/i><br \/>\nNEWSO est un duo \u00e9lectro-pop international qui m\u00e9lange des m\u00e9lodies synth-pop vibrantes \u00e0 des rythmes drum &amp; bass \u00e9nergiques. Leur identit\u00e9 sonore oscille entre des voix \u00e9th\u00e9r\u00e9es et exaltantes et une production \u00e9lectronique dansante.<br \/>\nForm\u00e9 en 2025, le duo est compos\u00e9 de Nils O&#8217;Swald (composition, claviers, production) et Alexandra Llorens (chant et basse). Leur collaboration transfrontali\u00e8re apporte des influences allemandes et fran\u00e7aises \u00e0 un projet pop frais et exp\u00e9rimental.<br \/>\nLeurs chansons vont de la dream pop introspective \u00e0 des morceaux qui envahissent les pistes de danse, visant toujours \u00e0 cr\u00e9er un pont entre la r\u00e9sonance \u00e9motionnelle et l&#8217;\u00e9lan rythmique.<\/p>\n\t<\/div>\n<\/div>\n\n\n\n\n\t\t<\/div> \n\t<\/div>\n\t<\/div> \n<\/div><\/div><div id=\"fws_69d13cf744b7e\" data-midnight=\"\" data-column-margin=\"default\" class=\"wpb_row vc_row-fluid vc_row inner_row\"  style=\"\"><div class=\"row-bg-wrap\"> <div class=\"row-bg\" ><\/div> <\/div><div class=\"row_col_wrap_12_inner col span_12  left\">\n\t<div  class=\"vc_col-sm-12 wpb_column column_container vc_column_container col child_column has-animation no-extra-padding inherit_tablet inherit_phone\"   data-padding-pos=\"all\" data-has-bg-color=\"false\" data-bg-color=\"\" data-bg-opacity=\"1\" data-animation=\"fade-in-from-bottom\" data-delay=\"200\" >\n\t\t<div class=\"vc_column-inner\" >\n\t\t<div class=\"wpb_wrapper\">\n\t\t\t\n\t\t<\/div> \n\t<\/div>\n\t<\/div> \n<\/div><\/div>\n<div class=\"wpb_text_column wpb_content_element\" >\n\t<div class=\"wpb_wrapper\">\n\t\t<h3>\u27a1\ufe0f\u27a1\ufe0f\u27a1\ufe0f <a href=\"https:\/\/push.fm\/fl\/newsomusic\" target=\"_blank\" rel=\"noopener\">ALL LINKS HERE<\/a> \u2b05\ufe0f\u2b05\ufe0f\u2b05\ufe0f<\/h3>\n\t<\/div>\n<\/div>\n\n\n\n\n\t\t\t<\/div> \n\t\t<\/div>\n\t<\/div> \n\n\t<div  class=\"vc_col-sm-6 wpb_column column_container vc_column_container col has-animation no-extra-padding inherit_tablet inherit_phone\"  data-padding-pos=\"all\" data-has-bg-color=\"false\" data-bg-color=\"\" data-bg-opacity=\"1\" data-animation=\"fade-in-from-left\" data-delay=\"300\" >\n\t\t<div class=\"vc_column-inner\" >\n\t\t\t<div class=\"wpb_wrapper\">\n\t\t\t\t\n\t\t\t<\/div> \n\t\t<\/div>\n\t<\/div> \n<\/div><\/div>","protected":false},"excerpt":{"rendered":"\u2665\u2665\u2665 \"over you\" OUT NOW \u2665\u2665\u2665 listen to it by clicking on the cover: \u2193\u2193\u2193 watch our video \"OCEANS\" here: \u2193\u2193\u2193 NEWSOVocals &amp; Bass: Alexandra Llorens Vocals, Keys &amp; Composition:...","protected":false},"author":1,"featured_media":0,"parent":0,"menu_order":0,"comment_status":"closed","ping_status":"closed","template":"","meta":{"footnotes":""},"class_list":["post-1219","page","type-page","status-publish"],"_links":{"self":[{"href":"https:\/\/flyingcatscompany.com\/fr\/wp-json\/wp\/v2\/pages\/1219","targetHints":{"allow":["GET"]}}],"collection":[{"href":"https:\/\/flyingcatscompany.com\/fr\/wp-json\/wp\/v2\/pages"}],"about":[{"href":"https:\/\/flyingcatscompany.com\/fr\/wp-json\/wp\/v2\/types\/page"}],"author":[{"embeddable":true,"href":"https:\/\/flyingcatscompany.com\/fr\/wp-json\/wp\/v2\/users\/1"}],"replies":[{"embeddable":true,"href":"https:\/\/flyingcatscompany.com\/fr\/wp-json\/wp\/v2\/comments?post=1219"}],"version-history":[{"count":10,"href":"https:\/\/flyingcatscompany.com\/fr\/wp-json\/wp\/v2\/pages\/1219\/revisions"}],"predecessor-version":[{"id":1223,"href":"https:\/\/flyingcatscompany.com\/fr\/wp-json\/wp\/v2\/pages\/1219\/revisions\/1223"}],"wp:attachment":[{"href":"https:\/\/flyingcatscompany.com\/fr\/wp-json\/wp\/v2\/media?parent=1219"}],"curies":[{"name":"wp","href":"https:\/\/api.w.org\/{rel}","templated":true}]}}